{"id":1624,"date":"2024-03-19T16:02:09","date_gmt":"2024-03-19T16:02:09","guid":{"rendered":"https:\/\/adc-experten.be\/a-propos-dadc-experts\/"},"modified":"2025-06-15T14:14:56","modified_gmt":"2025-06-15T14:14:56","slug":"a-propos-dadc-experts","status":"publish","type":"page","link":"https:\/\/adc-experten.be\/fr\/a-propos-dadc-experts\/","title":{"rendered":"A propos de ADC experten"},"content":{"rendered":"\t\t<div data-elementor-type=\"wp-page\" data-elementor-id=\"1624\" class=\"elementor elementor-1624 elementor-357\" data-elementor-post-type=\"page\">\n\t\t\t\t<div class=\"elementor-element elementor-element-8343f09 e-con-full e-flex e-con e-parent\" data-id=\"8343f09\" data-element_type=\"container\" data-e-type=\"container\" data-settings=\"{&quot;background_background&quot;:&quot;classic&quot;}\">\n\t\t<div class=\"elementor-element elementor-element-65ee2d7 e-con-full e-flex e-con e-child\" data-id=\"65ee2d7\" data-element_type=\"container\" data-e-type=\"container\" data-settings=\"{&quot;background_background&quot;:&quot;classic&quot;,&quot;animation&quot;:&quot;none&quot;}\">\n\t\t\t\t<div class=\"elementor-element elementor-element-e000420 animated-slow elementor-invisible elementor-widget elementor-widget-heading\" data-id=\"e000420\" data-element_type=\"widget\" data-e-type=\"widget\" data-settings=\"{&quot;_animation&quot;:&quot;fadeInDown&quot;}\" data-widget_type=\"heading.default\">\n\t\t\t\t<div class=\"elementor-widget-container\">\n\t\t\t\t\t<h1 class=\"elementor-heading-title elementor-size-default\">A propos de ADC experten<\/h1>\t\t\t\t<\/div>\n\t\t\t\t<\/div>\n\t\t\t\t<div class=\"elementor-element elementor-element-27a9aba elementor-icon-list--layout-inline elementor-align-center elementor-mobile-align-center elementor-list-item-link-full_width elementor-widget elementor-widget-icon-list\" data-id=\"27a9aba\" data-element_type=\"widget\" data-e-type=\"widget\" data-widget_type=\"icon-list.default\">\n\t\t\t\t<div class=\"elementor-widget-container\">\n\t\t\t\t\t\t\t<ul class=\"elementor-icon-list-items elementor-inline-items\">\n\t\t\t\t\t\t\t<li class=\"elementor-icon-list-item elementor-inline-item\">\n\t\t\t\t\t\t\t\t\t\t\t<a href=\"https:\/\/adc-experten.be\/fr\/\">\n\n\t\t\t\t\t\t\t\t\t\t\t<span class=\"elementor-icon-list-text\">Accueil<\/span>\n\t\t\t\t\t\t\t\t\t\t\t<\/a>\n\t\t\t\t\t\t\t\t\t<\/li>\n\t\t\t\t\t\t\t\t<li class=\"elementor-icon-list-item elementor-inline-item\">\n\t\t\t\t\t\t\t\t\t\t\t<a href=\"https:\/\/adc-experten.be\/over-adc-experten\/\">\n\n\t\t\t\t\t\t\t\t\t\t\t\t<span class=\"elementor-icon-list-icon\">\n\t\t\t\t\t\t\t<svg aria-hidden=\"true\" class=\"e-font-icon-svg e-fas-chevron-right\" viewBox=\"0 0 320 512\" xmlns=\"http:\/\/www.w3.org\/2000\/svg\"><path d=\"M285.476 272.971L91.132 467.314c-9.373 9.373-24.569 9.373-33.941 0l-22.667-22.667c-9.357-9.357-9.375-24.522-.04-33.901L188.505 256 34.484 101.255c-9.335-9.379-9.317-24.544.04-33.901l22.667-22.667c9.373-9.373 24.569-9.373 33.941 0L285.475 239.03c9.373 9.372 9.373 24.568.001 33.941z\"><\/path><\/svg>\t\t\t\t\t\t<\/span>\n\t\t\t\t\t\t\t\t\t\t<span class=\"elementor-icon-list-text\">A propos de ADC experten<\/span>\n\t\t\t\t\t\t\t\t\t\t\t<\/a>\n\t\t\t\t\t\t\t\t\t<\/li>\n\t\t\t\t\t\t<\/ul>\n\t\t\t\t\t\t<\/div>\n\t\t\t\t<\/div>\n\t\t\t\t<\/div>\n\t\t\t\t<\/div>\n\t\t<div class=\"elementor-element elementor-element-393fd04 e-flex e-con-boxed e-con e-parent\" data-id=\"393fd04\" data-element_type=\"container\" data-e-type=\"container\">\n\t\t\t\t\t<div class=\"e-con-inner\">\n\t\t<div class=\"elementor-element elementor-element-d45f00d e-con-full e-flex elementor-invisible e-con e-child\" data-id=\"d45f00d\" data-element_type=\"container\" data-e-type=\"container\" data-settings=\"{&quot;animation&quot;:&quot;fadeIn&quot;}\">\n\t\t\t\t<div class=\"elementor-element elementor-element-b32187e animated-slow elementor-invisible elementor-widget elementor-widget-heading\" data-id=\"b32187e\" data-element_type=\"widget\" data-e-type=\"widget\" data-settings=\"{&quot;_animation&quot;:&quot;fadeInRight&quot;}\" data-widget_type=\"heading.default\">\n\t\t\t\t<div class=\"elementor-widget-container\">\n\t\t\t\t\t<h5 class=\"elementor-heading-title elementor-size-default\">Votre partenaire pour les enqu\u00eates ind\u00e9pendantes sur les sites<\/h5>\t\t\t\t<\/div>\n\t\t\t\t<\/div>\n\t\t\t\t<div class=\"elementor-element elementor-element-fde9f05 elementor-widget elementor-widget-heading\" data-id=\"fde9f05\" data-element_type=\"widget\" data-e-type=\"widget\" data-widget_type=\"heading.default\">\n\t\t\t\t<div class=\"elementor-widget-container\">\n\t\t\t\t\t<h2 class=\"elementor-heading-title elementor-size-default\">Experts ADC<\/h2>\t\t\t\t<\/div>\n\t\t\t\t<\/div>\n\t\t<div class=\"elementor-element elementor-element-bdcdda4 e-flex e-con-boxed e-con e-child\" data-id=\"bdcdda4\" data-element_type=\"container\" data-e-type=\"container\">\n\t\t\t\t\t<div class=\"e-con-inner\">\n\t\t\t\t<div class=\"elementor-element elementor-element-392bc13 elementor-widget elementor-widget-text-editor\" data-id=\"392bc13\" data-element_type=\"widget\" data-e-type=\"widget\" data-widget_type=\"text-editor.default\">\n\t\t\t\t<div class=\"elementor-widget-container\">\n\t\t\t\t\t\t\t\t\t<div class=\"froala__pagepart__columns\"><div class=\"froala__pagepart__column froala__pagepart__column--big\"><p data-start=\"537\" data-end=\"806\">ADC-Experts est sp\u00e9cialis\u00e9 dans l \u00ab \u00e9tablissement d \u00bb<strong data-start=\"588\" data-end=\"627\">\u00e9tats des lieux<\/strong> dans toute la Belgique. Nous proposons aux particuliers, aux propri\u00e9taires, aux ma\u00eetres d&rsquo;ouvrage et aux entrepreneurs un <strong data-start=\"710\" data-end=\"754\">rapport professionnel de description de site<\/strong>, \u00e9tabli en toute l\u00e9galit\u00e9 et objectivit\u00e9. <\/p><p data-start=\"808\" data-end=\"1121\">Qu&rsquo;il s&rsquo;agisse d&rsquo;un <strong data-start=\"830\" data-end=\"869\">\u00e9tat des lieux de d\u00e9but de bail<\/strong>, d&rsquo;un <strong data-start=\"871\" data-end=\"908\">\u00e9tat des lieux<\/strong> de <strong data-start=\"871\" data-end=\"908\">fin de bail<\/strong>, d&rsquo;un <strong data-start=\"910\" data-end=\"957\">\u00e9tat des lieux<\/strong> d <strong data-start=\"910\" data-end=\"957\">&lsquo;ach\u00e8vement d&rsquo;un b\u00e2timent neuf<\/strong> ou d&rsquo;un <strong data-start=\"965\" data-end=\"999\">\u00e9tat des lieux pour travaux<\/strong>: avec ADC-Experts, vous avez l&rsquo;assurance d&rsquo;un <strong data-start=\"1043\" data-end=\"1076\">\u00e9tat des lieux expert<\/strong> qui vous \u00e9vitera discussions et probl\u00e8mes.<\/p><\/div><\/div>\t\t\t\t\t\t\t\t<\/div>\n\t\t\t\t<\/div>\n\t\t\t\t\t<\/div>\n\t\t\t\t<\/div>\n\t\t\t\t<\/div>\n\t\t\t\t\t<\/div>\n\t\t\t\t<\/div>\n\t\t<div class=\"elementor-element elementor-element-6b8a37d animated-slow e-flex e-con-boxed elementor-invisible e-con e-parent\" data-id=\"6b8a37d\" data-element_type=\"container\" data-e-type=\"container\" data-settings=\"{&quot;animation&quot;:&quot;fadeInLeft&quot;}\">\n\t\t\t\t\t<div class=\"e-con-inner\">\n\t\t<div class=\"elementor-element elementor-element-d5fddad e-con-full e-flex e-con e-child\" data-id=\"d5fddad\" data-element_type=\"container\" data-e-type=\"container\">\n\t\t\t\t<div class=\"elementor-element elementor-element-30c9405 elementor-widget elementor-widget-heading\" data-id=\"30c9405\" data-element_type=\"widget\" data-e-type=\"widget\" data-widget_type=\"heading.default\">\n\t\t\t\t<div class=\"elementor-widget-container\">\n\t\t\t\t\t<h5 class=\"elementor-heading-title elementor-size-default\">Nos valeurs<\/h5>\t\t\t\t<\/div>\n\t\t\t\t<\/div>\n\t\t<div class=\"elementor-element elementor-element-1d4a4d1 e-con-full e-flex e-con e-child\" data-id=\"1d4a4d1\" data-element_type=\"container\" data-e-type=\"container\">\n\t\t\t\t<div class=\"elementor-element elementor-element-8c4585d elementor-widget elementor-widget-text-editor\" data-id=\"8c4585d\" data-element_type=\"widget\" data-e-type=\"widget\" data-widget_type=\"text-editor.default\">\n\t\t\t\t<div class=\"elementor-widget-container\">\n\t\t\t\t\t\t\t\t\t<div class=\"froala__pagepart__columns\"><div class=\"froala__pagepart__column froala__pagepart__column--big\"><div class=\"froala__pagepart__columns\"><div class=\"froala__pagepart__column froala__pagepart__column--big\"><p data-start=\"739\" data-end=\"887\"><strong data-start=\"739\" data-end=\"769\">Ind\u00e9pendance et objectivit\u00e9<\/strong><br data-start=\"769\" data-end=\"772\">Nous agissons toujours en tant que <strong data-start=\"1254\" data-end=\"1273\">partie neutre<\/strong>. Chaque <strong data-start=\"1280\" data-end=\"1302\">description de site<\/strong> est \u00e9tablie en fonction de la situation sur place, sans influence d&rsquo;aucune des parties concern\u00e9es. Cela garantit une <strong data-start=\"1436\" data-end=\"1469\">\u00e9tude de site objective<\/strong> sur laquelle toutes les parties peuvent s&rsquo;appuyer.  <\/p><p data-start=\"889\" data-end=\"1056\"><strong data-start=\"889\" data-end=\"933\">Un rapport clair et d\u00e9taill\u00e9<\/strong><br data-start=\"933\" data-end=\"936\">Nos rapports contiennent une <strong data-start=\"1585\" data-end=\"1610\">description d\u00e9taill\u00e9e<\/strong> de l&rsquo;\u00e9tat de la propri\u00e9t\u00e9 ou du projet, \u00e9tay\u00e9e par du mat\u00e9riel visuel. Vous obtenez ainsi une <strong data-start=\"1698\" data-end=\"1739\">description juridiquement correcte du site<\/strong> qui peut \u00eatre utilis\u00e9e dans toute discussion ou proc\u00e9dure. <\/p><p data-start=\"1058\" data-end=\"1231\"><strong data-start=\"1058\" data-end=\"1087\">Une communication transparente<\/strong><br data-start=\"1087\" data-end=\"1090\">Chez ADC-Experts, nous attachons une grande importance \u00e0 une communication claire. Nous veillons \u00e0 ce que toutes les parties concern\u00e9es soient bien inform\u00e9es du processus, de l&rsquo;approche et des r\u00e9sultats de l&rsquo;<strong data-start=\"2015\" data-end=\"2037\">\u00e9tude de site<\/strong>. <\/p><p data-start=\"1233\" data-end=\"1340\"><strong data-start=\"1233\" data-end=\"1251\">Conseils sur mesure<\/strong><br data-start=\"1251\" data-end=\"1254\">Chaque situation est unique. C&rsquo;est pourquoi nous vous proposons des <strong data-start=\"2109\" data-end=\"2127\">conseils<\/strong> cibl\u00e9s et sur mesure <strong data-start=\"2109\" data-end=\"2127\">, adapt\u00e9s \u00e0<\/strong> votre situation et \u00e0 vos besoins sp\u00e9cifiques. <\/p><\/div><\/div><\/div><\/div>\t\t\t\t\t\t\t\t<\/div>\n\t\t\t\t<\/div>\n\t\t\t\t<\/div>\n\t\t\t\t<\/div>\n\t\t<div class=\"elementor-element elementor-element-17f0620 e-con-full e-flex e-con e-child\" data-id=\"17f0620\" data-element_type=\"container\" data-e-type=\"container\">\n\t\t\t\t<div class=\"elementor-element elementor-element-aa04e5a e-transform elementor-widget elementor-widget-image\" data-id=\"aa04e5a\" data-element_type=\"widget\" data-e-type=\"widget\" data-settings=\"{&quot;_transform_flipX_effect&quot;:&quot;transform&quot;}\" data-widget_type=\"image.default\">\n\t\t\t\t<div class=\"elementor-widget-container\">\n\t\t\t\t\t\t\t\t\t\t\t\t\t\t\t<img decoding=\"async\" width=\"2000\" height=\"1087\" src=\"https:\/\/adc-experten.be\/wp-content\/uploads\/contract.jpg\" class=\"attachment-large size-large wp-image-1589\" alt=\"onafhankelijke plaatsbeschrijving\" srcset=\"https:\/\/adc-experten.be\/wp-content\/uploads\/contract.jpg 2000w, https:\/\/adc-experten.be\/wp-content\/uploads\/contract-768x417.jpg 768w, https:\/\/adc-experten.be\/wp-content\/uploads\/contract-1536x835.jpg 1536w\" sizes=\"(max-width: 2000px) 100vw, 2000px\" \/>\t\t\t\t\t\t\t\t\t\t\t\t\t\t\t<\/div>\n\t\t\t\t<\/div>\n\t\t\t\t<\/div>\n\t\t\t\t\t<\/div>\n\t\t\t\t<\/div>\n\t\t<div class=\"elementor-element elementor-element-ab3486e e-flex e-con-boxed e-con e-parent\" data-id=\"ab3486e\" data-element_type=\"container\" data-e-type=\"container\" data-settings=\"{&quot;background_background&quot;:&quot;classic&quot;,&quot;shape_divider_top&quot;:&quot;tilt&quot;,&quot;shape_divider_bottom&quot;:&quot;tilt&quot;}\">\n\t\t\t\t\t<div class=\"e-con-inner\">\n\t\t\t\t<div class=\"elementor-shape elementor-shape-top\" aria-hidden=\"true\" data-negative=\"false\">\n\t\t\t<svg xmlns=\"http:\/\/www.w3.org\/2000\/svg\" viewBox=\"0 0 1000 100\" preserveAspectRatio=\"none\">\n\t<path class=\"elementor-shape-fill\" d=\"M0,6V0h1000v100L0,6z\"\/>\n<\/svg>\t\t<\/div>\n\t\t\t\t<div class=\"elementor-shape elementor-shape-bottom\" aria-hidden=\"true\" data-negative=\"false\">\n\t\t\t<svg xmlns=\"http:\/\/www.w3.org\/2000\/svg\" viewBox=\"0 0 1000 100\" preserveAspectRatio=\"none\">\n\t<path class=\"elementor-shape-fill\" d=\"M0,6V0h1000v100L0,6z\"\/>\n<\/svg>\t\t<\/div>\n\t\t<div class=\"elementor-element elementor-element-7a9e382 e-con-full e-flex e-con e-child\" data-id=\"7a9e382\" data-element_type=\"container\" data-e-type=\"container\">\n\t\t\t\t<div class=\"elementor-element elementor-element-a1edaee elementor-invisible elementor-widget elementor-widget-heading\" data-id=\"a1edaee\" data-element_type=\"widget\" data-e-type=\"widget\" data-settings=\"{&quot;_animation&quot;:&quot;fadeIn&quot;}\" data-widget_type=\"heading.default\">\n\t\t\t\t<div class=\"elementor-widget-container\">\n\t\t\t\t\t<h2 class=\"elementor-heading-title elementor-size-default\">Pourquoi choisir ADC experten?<\/h2>\t\t\t\t<\/div>\n\t\t\t\t<\/div>\n\t\t\t\t<div class=\"elementor-element elementor-element-677adef elementor-widget elementor-widget-text-editor\" data-id=\"677adef\" data-element_type=\"widget\" data-e-type=\"widget\" data-widget_type=\"text-editor.default\">\n\t\t\t\t<div class=\"elementor-widget-container\">\n\t\t\t\t\t\t\t\t\t<ul><li data-start=\"1969\" data-end=\"2009\"><p data-start=\"2562\" data-end=\"2649\">ADC-Experts offre une gamme compl\u00e8te de <strong data-start=\"2606\" data-end=\"2637\">services de r\u00e9servation<\/strong>, y compris :<\/p><ul data-start=\"2651\" data-end=\"2827\"><li data-start=\"2651\" data-end=\"2694\"><p data-start=\"2653\" data-end=\"2694\"><strong data-start=\"2653\" data-end=\"2692\">Description de l&#8217;emplacement au d\u00e9but de la location<\/strong><\/p><\/li><li data-start=\"2695\" data-end=\"2736\"><p data-start=\"2697\" data-end=\"2736\"><strong data-start=\"2697\" data-end=\"2734\">Placer la description \u00e0 la fin du bail<\/strong><\/p><\/li><li data-start=\"2737\" data-end=\"2788\"><p data-start=\"2739\" data-end=\"2788\"><strong data-start=\"2739\" data-end=\"2786\">Description du site \u00e0 l&rsquo;ach\u00e8vement du nouveau b\u00e2timent<\/strong><\/p><\/li><li data-start=\"2789\" data-end=\"2827\"><p data-start=\"2791\" data-end=\"2827\"><strong data-start=\"2791\" data-end=\"2825\">Description de l&#8217;emplacement des travaux<\/strong><\/p><\/li><\/ul><p data-start=\"2829\" data-end=\"2990\">Gr\u00e2ce \u00e0 notre longue exp\u00e9rience dans l&rsquo;<strong data-start=\"2869\" data-end=\"2905\">\u00e9laboration de descriptions de lieux<\/strong>, nous sommes un <strong data-start=\"2918\" data-end=\"2937\">partenaire exp\u00e9riment\u00e9<\/strong> pour les particuliers et les professionnels.<\/p><\/li><\/ul>\t\t\t\t\t\t\t\t<\/div>\n\t\t\t\t<\/div>\n\t\t\t\t<div class=\"elementor-element elementor-element-edfb0c6 elementor-align-center elementor-widget elementor-widget-button\" data-id=\"edfb0c6\" data-element_type=\"widget\" data-e-type=\"widget\" data-widget_type=\"button.default\">\n\t\t\t\t<div class=\"elementor-widget-container\">\n\t\t\t\t\t\t\t\t\t<div class=\"elementor-button-wrapper\">\n\t\t\t\t\t<a class=\"elementor-button elementor-size-sm elementor-animation-shrink\" role=\"button\">\n\t\t\t\t\t\t<span class=\"elementor-button-content-wrapper\">\n\t\t\t\t\t\t\t\t\t<span class=\"elementor-button-text\">Nos services<\/span>\n\t\t\t\t\t<\/span>\n\t\t\t\t\t<\/a>\n\t\t\t\t<\/div>\n\t\t\t\t\t\t\t\t<\/div>\n\t\t\t\t<\/div>\n\t\t\t\t<\/div>\n\t\t\t\t\t<\/div>\n\t\t\t\t<\/div>\n\t\t<div class=\"elementor-element elementor-element-fa51d6b animated-slow e-flex e-con-boxed elementor-invisible e-con e-parent\" data-id=\"fa51d6b\" data-element_type=\"container\" data-e-type=\"container\" data-settings=\"{&quot;animation&quot;:&quot;fadeInLeft&quot;}\">\n\t\t\t\t\t<div class=\"e-con-inner\">\n\t\t<div class=\"elementor-element elementor-element-bfd0d2d e-con-full e-flex e-con e-child\" data-id=\"bfd0d2d\" data-element_type=\"container\" data-e-type=\"container\">\n\t\t\t\t<div class=\"elementor-element elementor-element-a5befdc elementor-widget elementor-widget-heading\" data-id=\"a5befdc\" data-element_type=\"widget\" data-e-type=\"widget\" data-widget_type=\"heading.default\">\n\t\t\t\t<div class=\"elementor-widget-container\">\n\t\t\t\t\t<h5 class=\"elementor-heading-title elementor-size-default\">Notre m\u00e9thode de travail<\/h5>\t\t\t\t<\/div>\n\t\t\t\t<\/div>\n\t\t<div class=\"elementor-element elementor-element-7009771 e-con-full e-flex e-con e-child\" data-id=\"7009771\" data-element_type=\"container\" data-e-type=\"container\">\n\t\t\t\t<div class=\"elementor-element elementor-element-0c88167 elementor-widget elementor-widget-text-editor\" data-id=\"0c88167\" data-element_type=\"widget\" data-e-type=\"widget\" data-widget_type=\"text-editor.default\">\n\t\t\t\t<div class=\"elementor-widget-container\">\n\t\t\t\t\t\t\t\t\t<div class=\"froala__pagepart__columns\"><div class=\"froala__pagepart__column froala__pagepart__column--big\"><div class=\"froala__pagepart__columns\"><div class=\"froala__pagepart__column froala__pagepart__column--big\"><div class=\"froala__pagepart__columns\"><div class=\"froala__pagepart__column froala__pagepart__column--big\"><ul><li data-start=\"1372\" data-end=\"1484\"><p data-start=\"1375\" data-end=\"1484\"><strong data-start=\"1375\" data-end=\"1395\">Contact et conseils<\/strong><br data-start=\"1395\" data-end=\"1398\">Nous discutons de la situation sp\u00e9cifique et expliquons l&rsquo;approche et le processus.<\/p><\/li><li data-start=\"1486\" data-end=\"1643\"><p data-start=\"1489\" data-end=\"1643\"><strong data-start=\"1489\" data-end=\"1529\">Mise en \u0153uvre de l&rsquo;\u00e9tude de site<\/strong><br data-start=\"1529\" data-end=\"1532\">Un expert se rendra sur place et pr\u00e9parera un rapport contenant une description d\u00e9taill\u00e9e et du mat\u00e9riel visuel.<\/p><\/li><li data-start=\"1645\" data-end=\"1742\"><p data-start=\"1648\" data-end=\"1742\"><strong data-start=\"1648\" data-end=\"1678\">Transfert du rapport<\/strong><br data-start=\"1678\" data-end=\"1681\">Le document sera remis aux parties concern\u00e9es.<\/p><\/li><\/ul><\/div><\/div><\/div><\/div><\/div><\/div>\t\t\t\t\t\t\t\t<\/div>\n\t\t\t\t<\/div>\n\t\t\t\t<div class=\"elementor-element elementor-element-b94540d elementor-align-center elementor-tablet-align-right elementor-mobile-align-center elementor-widget__width-auto animated-slow elementor-invisible elementor-widget elementor-widget-button\" data-id=\"b94540d\" data-element_type=\"widget\" data-e-type=\"widget\" data-settings=\"{&quot;_animation&quot;:&quot;fadeIn&quot;}\" data-widget_type=\"button.default\">\n\t\t\t\t<div class=\"elementor-widget-container\">\n\t\t\t\t\t\t\t\t\t<div class=\"elementor-button-wrapper\">\n\t\t\t\t\t<a class=\"elementor-button elementor-button-link elementor-size-sm elementor-animation-grow\" href=\"https:\/\/adc-experten.be\/fr\/comment-nous-travaillons\/\">\n\t\t\t\t\t\t<span class=\"elementor-button-content-wrapper\">\n\t\t\t\t\t\t\t\t\t<span class=\"elementor-button-text\">Comment travaillons-nous ?<\/span>\n\t\t\t\t\t<\/span>\n\t\t\t\t\t<\/a>\n\t\t\t\t<\/div>\n\t\t\t\t\t\t\t\t<\/div>\n\t\t\t\t<\/div>\n\t\t\t\t<\/div>\n\t\t\t\t<\/div>\n\t\t<div class=\"elementor-element elementor-element-8aa577e e-con-full e-flex e-con e-child\" data-id=\"8aa577e\" data-element_type=\"container\" data-e-type=\"container\">\n\t\t\t\t<div class=\"elementor-element elementor-element-e080101 e-transform elementor-widget elementor-widget-image\" data-id=\"e080101\" data-element_type=\"widget\" data-e-type=\"widget\" data-settings=\"{&quot;_transform_flipX_effect&quot;:&quot;transform&quot;}\" data-widget_type=\"image.default\">\n\t\t\t\t<div class=\"elementor-widget-container\">\n\t\t\t\t\t\t\t\t\t\t\t\t\t\t\t<img decoding=\"async\" width=\"2000\" height=\"1241\" src=\"https:\/\/adc-experten.be\/wp-content\/uploads\/business-people-on-the-way-to-work.jpg\" class=\"attachment-large size-large wp-image-1590\" alt=\"Business people on the way to work\" srcset=\"https:\/\/adc-experten.be\/wp-content\/uploads\/business-people-on-the-way-to-work.jpg 2000w, https:\/\/adc-experten.be\/wp-content\/uploads\/business-people-on-the-way-to-work-768x477.jpg 768w, https:\/\/adc-experten.be\/wp-content\/uploads\/business-people-on-the-way-to-work-1536x953.jpg 1536w\" sizes=\"(max-width: 2000px) 100vw, 2000px\" \/>\t\t\t\t\t\t\t\t\t\t\t\t\t\t\t<\/div>\n\t\t\t\t<\/div>\n\t\t\t\t<\/div>\n\t\t\t\t\t<\/div>\n\t\t\t\t<\/div>\n\t\t<div class=\"elementor-element elementor-element-f89b336 e-flex e-con-boxed e-con e-parent\" data-id=\"f89b336\" data-element_type=\"container\" data-e-type=\"container\" data-settings=\"{&quot;background_background&quot;:&quot;classic&quot;}\">\n\t\t\t\t\t<div class=\"e-con-inner\">\n\t\t<div class=\"elementor-element elementor-element-9964bb1 e-con-full e-flex e-con e-child\" data-id=\"9964bb1\" data-element_type=\"container\" data-e-type=\"container\">\n\t\t\t\t<div class=\"elementor-element elementor-element-618b8c0 elementor-widget elementor-widget-heading\" data-id=\"618b8c0\" data-element_type=\"widget\" data-e-type=\"widget\" data-widget_type=\"heading.default\">\n\t\t\t\t<div class=\"elementor-widget-container\">\n\t\t\t\t\t<h2 class=\"elementor-heading-title elementor-size-default\">Vous souhaitez plus d'informations ?<\/h2>\t\t\t\t<\/div>\n\t\t\t\t<\/div>\n\t\t\t\t<div class=\"elementor-element elementor-element-ada1fdd elementor-widget elementor-widget-text-editor\" data-id=\"ada1fdd\" data-element_type=\"widget\" data-e-type=\"widget\" data-widget_type=\"text-editor.default\">\n\t\t\t\t<div class=\"elementor-widget-container\">\n\t\t\t\t\t\t\t\t\t<p>Une <strong data-start=\"3605\" data-end=\"3627\">description<\/strong> correcte <strong data-start=\"3605\" data-end=\"3627\">du site<\/strong> offre une s\u00e9curit\u00e9 juridique et est fortement recommand\u00e9e dans de nombreuses situations. Selon la r\u00e9glementation en vigueur<a class=\"cursor-pointer\" href=\"https:\/\/www.vlaanderen.be\/zoek?q.LIKE=plaatsbeschrijving\" target=\"_blank\" rel=\"noopener\" data-start=\"3736\" data-end=\"3815\">(source<\/a>), de nombreux baux et travaux exigent une <strong data-start=\"3860\" data-end=\"3882\">description du site<\/strong>. <\/p><p>Vous avez des questions sur nos <strong data-start=\"3965\" data-end=\"3996\">services de placement<\/strong> ou vous souhaitez obtenir un devis personnalis\u00e9 ?<\/p>\t\t\t\t\t\t\t\t<\/div>\n\t\t\t\t<\/div>\n\t\t\t\t<div class=\"elementor-element elementor-element-9808dcc elementor-align-center elementor-tablet-align-center elementor-mobile-align-center elementor-widget__width-auto animated-slow elementor-invisible elementor-widget elementor-widget-button\" data-id=\"9808dcc\" data-element_type=\"widget\" data-e-type=\"widget\" data-settings=\"{&quot;_animation&quot;:&quot;fadeIn&quot;}\" data-widget_type=\"button.default\">\n\t\t\t\t<div class=\"elementor-widget-container\">\n\t\t\t\t\t\t\t\t\t<div class=\"elementor-button-wrapper\">\n\t\t\t\t\t<a class=\"elementor-button elementor-button-link elementor-size-sm elementor-animation-grow\" href=\"https:\/\/adc-experten.be\/fr\/contacter-les-experts-adc\/\">\n\t\t\t\t\t\t<span class=\"elementor-button-content-wrapper\">\n\t\t\t\t\t\t\t\t\t<span class=\"elementor-button-text\">Contactez nous<\/span>\n\t\t\t\t\t<\/span>\n\t\t\t\t\t<\/a>\n\t\t\t\t<\/div>\n\t\t\t\t\t\t\t\t<\/div>\n\t\t\t\t<\/div>\n\t\t\t\t<\/div>\n\t\t\t\t\t<\/div>\n\t\t\t\t<\/div>\n\t\t\t\t<\/div>\n\t\t","protected":false},"excerpt":{"rendered":"<p>A propos de ADC experten Accueil A propos de ADC experten Votre partenaire pour les enqu\u00eates ind\u00e9pendantes sur les sites Experts ADC ADC-Experts est sp\u00e9cialis\u00e9 dans l \u00ab \u00e9tablissement d \u00bb\u00e9tats des lieux dans toute la Belgique. Nous proposons aux particuliers, aux propri\u00e9taires, aux ma\u00eetres d&rsquo;ouvrage et aux entrepreneurs un rapport professionnel de description de [&hellip;]<\/p>\n","protected":false},"author":1,"featured_media":0,"parent":0,"menu_order":0,"comment_status":"closed","ping_status":"closed","template":"","meta":{"inline_featured_image":false,"footnotes":""},"class_list":["post-1624","page","type-page","status-publish","hentry"],"_links":{"self":[{"href":"https:\/\/adc-experten.be\/fr\/wp-json\/wp\/v2\/pages\/1624","targetHints":{"allow":["GET"]}}],"collection":[{"href":"https:\/\/adc-experten.be\/fr\/wp-json\/wp\/v2\/pages"}],"about":[{"href":"https:\/\/adc-experten.be\/fr\/wp-json\/wp\/v2\/types\/page"}],"author":[{"embeddable":true,"href":"https:\/\/adc-experten.be\/fr\/wp-json\/wp\/v2\/users\/1"}],"replies":[{"embeddable":true,"href":"https:\/\/adc-experten.be\/fr\/wp-json\/wp\/v2\/comments?post=1624"}],"version-history":[{"count":0,"href":"https:\/\/adc-experten.be\/fr\/wp-json\/wp\/v2\/pages\/1624\/revisions"}],"wp:attachment":[{"href":"https:\/\/adc-experten.be\/fr\/wp-json\/wp\/v2\/media?parent=1624"}],"curies":[{"name":"wp","href":"https:\/\/api.w.org\/{rel}","templated":true}]}}